{"id":2029,"date":"2017-03-17T18:06:28","date_gmt":"2017-03-17T17:06:28","guid":{"rendered":"http:\/\/manuelitaitaly.com\/it\/homepage\/"},"modified":"2020-01-13T09:39:34","modified_gmt":"2020-01-13T08:39:34","slug":"homepage","status":"publish","type":"page","link":"https:\/\/manuelitaitaly.com\/it\/","title":{"rendered":"Homepage"},"content":{"rendered":"<div id=\"pl-2029\"  class=\"panel-layout\" ><div id=\"pg-2029-0\"  class=\"panel-grid panel-has-style\" ><div class=\"siteorigin-panels-stretch panel-row-style-full-width panel-row-style panel-row-style-for-2029-0\" data-stretch-type=\"full-stretched\" ><div id=\"pgc-2029-0-0\"  class=\"panel-grid-cell\" ><div id=\"panel-2029-0-0-0\" class=\"so-panel widget widget_sow-slider panel-first-child panel-last-child\" data-index=\"0\" ><div\n\t\t\t\n\t\t\tclass=\"so-widget-sow-slider so-widget-sow-slider-default-6d39609536fd-2029\"\n\t\t\t\n\t\t>\t\t\t\t<div class=\"sow-slider-base\" style=\"display: none\" tabindex=\"0\">\n\t\t\t\t\t<ul\n\t\t\t\t\tclass=\"sow-slider-images\"\n\t\t\t\t\tdata-settings=\"{&quot;pagination&quot;:true,&quot;speed&quot;:800,&quot;timeout&quot;:8000,&quot;paused&quot;:false,&quot;pause_on_hover&quot;:false,&quot;swipe&quot;:true,&quot;nav_always_show_desktop&quot;:&quot;&quot;,&quot;nav_always_show_mobile&quot;:&quot;&quot;,&quot;breakpoint&quot;:&quot;780px&quot;,&quot;unmute&quot;:false,&quot;anchor&quot;:null}\"\n\t\t\t\t\t\t\t\t\t\tdata-anchor-id=\"\"\n\t\t\t\t>\t\t<li class=\"sow-slider-image\" style=\"visibility: visible;\" >\n\t\t\t\t\t\t<img width=\"1280\" height=\"600\" src=\"https:\/\/manuelitaitaly.com\/it\/wp-content\/uploads\/sites\/2\/2017\/03\/Slider3.jpg\" class=\"sow-slider-background-image\" alt=\"\" loading=\"lazy\" style=\"\" srcset=\"https:\/\/manuelitaitaly.com\/it\/wp-content\/uploads\/sites\/2\/2017\/03\/Slider3.jpg 1280w, https:\/\/manuelitaitaly.com\/it\/wp-content\/uploads\/sites\/2\/2017\/03\/Slider3-300x141.jpg 300w, https:\/\/manuelitaitaly.com\/it\/wp-content\/uploads\/sites\/2\/2017\/03\/Slider3-768x360.jpg 768w, https:\/\/manuelitaitaly.com\/it\/wp-content\/uploads\/sites\/2\/2017\/03\/Slider3-1024x480.jpg 1024w\" sizes=\"(max-width: 1280px) 100vw, 1280px\" \/>\t\t<\/li>\n\t\t\t\t<li class=\"sow-slider-image\" style=\"visibility: hidden;\" >\n\t\t\t\t\t\t<img width=\"1280\" height=\"600\" src=\"https:\/\/manuelitaitaly.com\/it\/wp-content\/uploads\/sites\/2\/2017\/03\/Slider2.jpg\" class=\"sow-slider-background-image\" alt=\"\" loading=\"lazy\" style=\"\" srcset=\"https:\/\/manuelitaitaly.com\/it\/wp-content\/uploads\/sites\/2\/2017\/03\/Slider2.jpg 1280w, https:\/\/manuelitaitaly.com\/it\/wp-content\/uploads\/sites\/2\/2017\/03\/Slider2-300x141.jpg 300w, https:\/\/manuelitaitaly.com\/it\/wp-content\/uploads\/sites\/2\/2017\/03\/Slider2-768x360.jpg 768w, https:\/\/manuelitaitaly.com\/it\/wp-content\/uploads\/sites\/2\/2017\/03\/Slider2-1024x480.jpg 1024w\" sizes=\"(max-width: 1280px) 100vw, 1280px\" \/>\t\t<\/li>\n\t\t\t\t<li class=\"sow-slider-image\" style=\"visibility: hidden;\" >\n\t\t\t\t\t\t<img width=\"1280\" height=\"600\" src=\"https:\/\/manuelitaitaly.com\/it\/wp-content\/uploads\/sites\/2\/2017\/03\/Slider1.jpg\" class=\"sow-slider-background-image\" alt=\"\" loading=\"lazy\" style=\"\" srcset=\"https:\/\/manuelitaitaly.com\/it\/wp-content\/uploads\/sites\/2\/2017\/03\/Slider1.jpg 1280w, https:\/\/manuelitaitaly.com\/it\/wp-content\/uploads\/sites\/2\/2017\/03\/Slider1-300x141.jpg 300w, https:\/\/manuelitaitaly.com\/it\/wp-content\/uploads\/sites\/2\/2017\/03\/Slider1-768x360.jpg 768w, https:\/\/manuelitaitaly.com\/it\/wp-content\/uploads\/sites\/2\/2017\/03\/Slider1-1024x480.jpg 1024w\" sizes=\"(max-width: 1280px) 100vw, 1280px\" \/>\t\t<\/li>\n\t\t<\/ul>\t\t\t\t<ol class=\"sow-slider-pagination\">\n\t\t\t\t\t\t\t\t\t\t\t<li><a href=\"#\" data-goto=\"0\" aria-label=\"Display slide 1\"><\/a><\/li>\n\t\t\t\t\t\t\t\t\t\t\t<li><a href=\"#\" data-goto=\"1\" aria-label=\"Display slide 2\"><\/a><\/li>\n\t\t\t\t\t\t\t\t\t\t\t<li><a href=\"#\" data-goto=\"2\" aria-label=\"Display slide 3\"><\/a><\/li>\n\t\t\t\t\t\t\t\t\t<\/ol>\n\n\t\t\t\t<div class=\"sow-slide-nav sow-slide-nav-next\">\n\t\t\t\t\t<a href=\"#\" data-goto=\"next\" aria-label=\"Next slide\" data-action=\"next\">\n\t\t\t\t\t\t<em class=\"sow-sld-icon-thin-right\"><\/em>\n\t\t\t\t\t<\/a>\n\t\t\t\t<\/div>\n\n\t\t\t\t<div class=\"sow-slide-nav sow-slide-nav-prev\">\n\t\t\t\t\t<a href=\"#\" data-goto=\"previous\" aria-label=\"Previous slide\" data-action=\"prev\">\n\t\t\t\t\t\t<em class=\"sow-sld-icon-thin-left\"><\/em>\n\t\t\t\t\t<\/a>\n\t\t\t\t<\/div>\n\t\t\t\t<\/div><\/div><\/div><\/div><\/div><\/div><div id=\"pg-2029-1\"  class=\"panel-grid panel-has-style\" ><div class=\"wide-grey panel-row-style panel-row-style-for-2029-1\" ><div id=\"pgc-2029-1-0\"  class=\"panel-grid-cell\" ><div id=\"panel-2029-1-0-0\" class=\"so-panel widget widget_headline-widget panel-first-child panel-last-child\" data-index=\"1\" >\t\t<h1>NON TUTTO CI\u00d2 CHE PROVIENE DAL PASSATO DIVENTA TRADIZIONE, SOLO CI\u00d2 CHE \u00c8 UTILE<\/h1>\n\t\t<div class=\"decoration\"><div class=\"decoration-inside\"><\/div><\/div>\n\t\t<h3>Giordano Torresi<\/h3>\n\t\t<\/div><\/div><\/div><\/div><div id=\"pg-2029-2\"  class=\"panel-grid panel-no-style\" ><div id=\"pgc-2029-2-0\"  class=\"panel-grid-cell\" ><div id=\"panel-2029-2-0-0\" class=\"so-panel widget widget_circleicon-widget panel-first-child panel-last-child\" data-index=\"2\" >\t\t<div class=\"circle-icon-box circle-icon-position-top circle-icon-hide-box circle-icon-size-small\">\n\t\t\t<div class=\"circle-icon-wrapper\">\n\t\t\t\t<a href=\"http:\/\/manuelitaitaly.com\/it\/chi-siamo\/\" class=\"link-icon\" >\t\t\t\t<div class=\"circle-icon icon-style-set\" style=\"background-image: url(http:\/\/manuelitaitaly.com\/it\/wp-content\/uploads\/sites\/2\/2016\/10\/giordano_torresi_work-120.jpg)\">\n\t\t\t\t\t\t\t\t\t<\/div>\n\t\t\t\t<\/a>\t\t\t<\/div>\n\n\t\t\t<a href=\"http:\/\/manuelitaitaly.com\/it\/chi-siamo\/\" class=\"link-title\" >\t\t\t<h4 >Chi Siamo <\/h4>\t\t\t<\/a>\n\t\t\t<p class=\"text\" >La Manuelita affonda le sue radici nell\u2019azienda fondata nel 1973 a Sant\u2019Elpidio a Mare dai genitori di Giordano e Manuelita Torresi.<\/p>\t\t\t\t\t\t\t<a href=\"http:\/\/manuelitaitaly.com\/it\/chi-siamo\/\" class=\"more-button\" >Scopri di pi\u00f9 <i><\/i><\/a>\n\t\t\t\t\t<\/div>\n\t\t<\/div><\/div><div id=\"pgc-2029-2-1\"  class=\"panel-grid-cell\" ><div id=\"panel-2029-2-1-0\" class=\"so-panel widget widget_circleicon-widget panel-first-child panel-last-child\" data-index=\"3\" >\t\t<div class=\"circle-icon-box circle-icon-position-top circle-icon-hide-box circle-icon-size-small\">\n\t\t\t<div class=\"circle-icon-wrapper\">\n\t\t\t\t<a href=\"http:\/\/manuelitaitaly.com\/it\/industria-4-0\/\" class=\"link-icon\" >\t\t\t\t<div class=\"circle-icon icon-style-set\" style=\"background-image: url(http:\/\/manuelitaitaly.com\/it\/wp-content\/uploads\/sites\/2\/2017\/03\/lam07-e1489770328538.jpg)\">\n\t\t\t\t\t\t\t\t\t<\/div>\n\t\t\t\t<\/a>\t\t\t<\/div>\n\n\t\t\t<a href=\"http:\/\/manuelitaitaly.com\/it\/industria-4-0\/\" class=\"link-title\" >\t\t\t<h4 >Industria 4.0<\/h4>\t\t\t<\/a>\n\t\t\t<p class=\"text\" >Il presente e il futuro prossimo de La Manuelita corrono in parallelo sui binari dell\u2019innovazione tecnologica.<\/p>\t\t\t\t\t\t\t<a href=\"http:\/\/manuelitaitaly.com\/it\/industria-4-0\/\" class=\"more-button\" >Scopri di pi\u00f9 <i><\/i><\/a>\n\t\t\t\t\t<\/div>\n\t\t<\/div><\/div><div id=\"pgc-2029-2-2\"  class=\"panel-grid-cell\" ><div id=\"panel-2029-2-2-0\" class=\"so-panel widget widget_circleicon-widget panel-first-child panel-last-child\" data-index=\"4\" >\t\t<div class=\"circle-icon-box circle-icon-position-top circle-icon-hide-box circle-icon-size-small\">\n\t\t\t<div class=\"circle-icon-wrapper\">\n\t\t\t\t<a href=\"http:\/\/manuelitaitaly.com\/it\/business-unit-progetto\/\" class=\"link-icon\" >\t\t\t\t<div class=\"circle-icon icon-style-set\" style=\"background-image: url(http:\/\/manuelitaitaly.com\/it\/wp-content\/uploads\/sites\/2\/2017\/02\/perfezione_idea.jpg)\">\n\t\t\t\t\t\t\t\t\t<\/div>\n\t\t\t\t<\/a>\t\t\t<\/div>\n\n\t\t\t<a href=\"http:\/\/manuelitaitaly.com\/it\/business-unit-progetto\/\" class=\"link-title\" >\t\t\t<h4 >Ricerca e Sviluppo<\/h4>\t\t\t<\/a>\n\t\t\t<p class=\"text\" >La ricerca di strumenti avanzati di ingegnerizzazione e automazione rappresentano la mission quotidiana dell\u2019azienda<\/p>\t\t\t\t\t\t\t<a href=\"http:\/\/manuelitaitaly.com\/it\/business-unit-progetto\/\" class=\"more-button\" >Scopri di pi\u00f9 <i><\/i><\/a>\n\t\t\t\t\t<\/div>\n\t\t<\/div><\/div><\/div><div id=\"pg-2029-3\"  class=\"panel-grid panel-no-style\" ><div id=\"pgc-2029-3-0\"  class=\"panel-grid-cell\" ><div id=\"panel-2029-3-0-0\" class=\"so-panel widget widget_headline-widget panel-first-child panel-last-child\" data-index=\"5\" >\t\t<h1>L'ARTIGIANALIT\u00c0 \u00c8 RADICATA NELLE CONOSCENZE, NON NEGLI STRUMENTI<\/h1>\n\t\t<div class=\"decoration\"><div class=\"decoration-inside\"><\/div><\/div>\n\t\t<h3>Manuelita Torresi<\/h3>\n\t\t<\/div><\/div><\/div><div id=\"pg-2029-4\"  class=\"panel-grid panel-no-style\" ><div id=\"pgc-2029-4-0\"  class=\"panel-grid-cell panel-grid-cell-empty\" ><\/div><div id=\"pgc-2029-4-1\"  class=\"panel-grid-cell\" ><div id=\"panel-2029-4-1-0\" class=\"so-panel widget widget_black-studio-tinymce widget_black_studio_tinymce panel-first-child panel-last-child\" data-index=\"6\" ><div class=\"textwidget\"><div class=\"iframe-resp-container iframe-resp-container-16x9\">\n   <iframe src=\"https:\/\/www.youtube.com\/embed\/2A3IFjfAqUs?color=white&controls=2&loop=0&modestbranding=1&rel=0&showinfo=0\" frameborder=\"0\" allowfullscreen><\/iframe>\n<\/div><\/div><\/div><\/div><div id=\"pgc-2029-4-2\"  class=\"panel-grid-cell panel-grid-cell-mobile-last\" ><div id=\"panel-2029-4-2-0\" class=\"so-panel widget widget_sow-editor panel-first-child panel-last-child\" data-index=\"7\" ><div\n\t\t\t\n\t\t\tclass=\"so-widget-sow-editor so-widget-sow-editor-base\"\n\t\t\t\n\t\t>\n<div class=\"siteorigin-widget-tinymce textwidget\">\n\t<p><a href=\"https:\/\/manuelitaitaly.com\/it\/bando\/\"><img src=\"http:\/\/manuelitaitaly.com\/it\/wp-content\/uploads\/sites\/2\/2017\/03\/logo_bando_2.jpg\" alt=\"\" width=\"100\" class=\"bando_img alignnone size-full wp-image-2109\" srcset=\"https:\/\/manuelitaitaly.com\/it\/wp-content\/uploads\/sites\/2\/2017\/03\/logo_bando_2.jpg 1058w, https:\/\/manuelitaitaly.com\/it\/wp-content\/uploads\/sites\/2\/2017\/03\/logo_bando_2-263x300.jpg 263w, https:\/\/manuelitaitaly.com\/it\/wp-content\/uploads\/sites\/2\/2017\/03\/logo_bando_2-768x878.jpg 768w, https:\/\/manuelitaitaly.com\/it\/wp-content\/uploads\/sites\/2\/2017\/03\/logo_bando_2-896x1024.jpg 896w\" sizes=\"(max-width: 1058px) 100vw, 1058px\" \/><\/a><\/p>\n<\/div>\n<\/div><\/div><\/div><div id=\"pgc-2029-4-3\"  class=\"panel-grid-cell panel-grid-cell-empty\" ><\/div><\/div><\/div>","protected":false},"excerpt":{"rendered":"<p>NON TUTTO CI\u00d2 CHE PROVIENE DAL PASSATO DIVENTA TRADIZIONE, SOLO CI\u00d2 CHE \u00c8 UTILE Giordano Torresi Chi Siamo La Manuelita affonda le sue radici nell\u2019azienda fondata nel 1973 a Sant\u2019Elpidio a Mare dai genitori di Giordano e Manuelita Torresi. Scopri di pi\u00f9 Industria 4.0 Il presente e il futuro prossimo de La Manuelita corrono in [&hellip;]<\/p>\n","protected":false},"author":1,"featured_media":0,"parent":0,"menu_order":0,"comment_status":"closed","ping_status":"closed","template":"home-panels.php","meta":[],"_links":{"self":[{"href":"https:\/\/manuelitaitaly.com\/it\/wp-json\/wp\/v2\/pages\/2029"}],"collection":[{"href":"https:\/\/manuelitaitaly.com\/it\/wp-json\/wp\/v2\/pages"}],"about":[{"href":"https:\/\/manuelitaitaly.com\/it\/wp-json\/wp\/v2\/types\/page"}],"author":[{"embeddable":true,"href":"https:\/\/manuelitaitaly.com\/it\/wp-json\/wp\/v2\/users\/1"}],"replies":[{"embeddable":true,"href":"https:\/\/manuelitaitaly.com\/it\/wp-json\/wp\/v2\/comments?post=2029"}],"version-history":[{"count":16,"href":"https:\/\/manuelitaitaly.com\/it\/wp-json\/wp\/v2\/pages\/2029\/revisions"}],"predecessor-version":[{"id":2126,"href":"https:\/\/manuelitaitaly.com\/it\/wp-json\/wp\/v2\/pages\/2029\/revisions\/2126"}],"wp:attachment":[{"href":"https:\/\/manuelitaitaly.com\/it\/wp-json\/wp\/v2\/media?parent=2029"}],"curies":[{"name":"wp","href":"https:\/\/api.w.org\/{rel}","templated":true}]}}