{"id":2006,"date":"2017-03-17T11:10:43","date_gmt":"2017-03-17T10:10:43","guid":{"rendered":"http:\/\/manuelitaitaly.com\/it\/?page_id=2006"},"modified":"2017-03-20T10:24:03","modified_gmt":"2017-03-20T09:24:03","slug":"business-unit-progetto","status":"publish","type":"page","link":"https:\/\/manuelitaitaly.com\/it\/business-unit-progetto\/","title":{"rendered":"Business Unit Progetto"},"content":{"rendered":"<p>Progetto \u00e8 un centro di ricerca e progettazione, tutto italiano, che si rivolge quotidianamente ai Brand e all\u2019industria del mondo calzaturiero.<\/p>\n<p>Nasce come divisione interna all&#8217;azienda storica La Manuelita, anche se si propone con una sua specifica identit\u00e0 e una propria ragion d\u2019essere.<\/p>\n<p>Progetto risolve e ottimizza problematiche tecniche, definendo e rielaborando i processi esistenti, evolvendoli in nuove soluzioni nel rispetto dei costi e dei tempi.<\/p>\n<p>L\u2019ingegnerizzazione, la ricerca di pellami e di materiali innovativi adatti allo stile che la scarpa deve rispettare, sono le basi della <strong>\u201cRi-Evoluzione\u201d dei Processi Calzaturieri di Progetto: una ridefinizione a 360\u00b0 dei concetti di ideazione, gestione e industrializzazione del settore calzaturiero che parte dalla progettazione digitalizzata in 3D, passando dall&#8217;evoluzione\u00a0dei processi di produzione per arrivare alla valorizzazione delle figure professionali operanti nel settore<\/strong>.<\/p>\n<p>Inoltre, grazie all&#8217;esperienza decennale nella pelletteria, Progetto offre supporto a tutte quelle aziende che non hanno al loro interno una divisione specifica dedicata alla Ricerca e Sviluppo e al Controllo della Qualit\u00e0 per i materiali da taglio, pelle e tessuti. Il contributo di Progetto \u00e8 quello di rinfrescare l&#8217;offerta degli Uffici Stile e Marketing seguendo comunque le linee guida dell\u2019azienda cliente, cui fornire un\u2019ampia gamma di spunti e soluzioni frutto di una continua attivit\u00e0 di ricerca.<\/p>\n<p>La vision aziendale si basa sull&#8217;utilizzo delle innovazioni digitali e sulla robotica, applicate alla progettazione della calzatura femminile nelle sue varie altezze di tacco. Quest\u2019ultimo rappresenta il vero tratto distintivo dell\u2019azienda, poich\u00e9 altre strutture, pur sfruttando l\u2019epoca digitale nonch\u00e9 la robotica, si sono riuscite a concentrate esclusivamente sulle calzature prive di altezza.<\/p>\n<p>Lo sviluppo della robotica, risulta quindi essere un plus per l\u2019azienda che riesce ad applicarne i benefit nel mondo della calzatura, ad oggi sicuramente in modalit\u00e0 pionieristica.<\/p>\n<p>Il team aziendale dedicato allo studio nonch\u00e9 allo sviluppo dei processi, unito ad una capacit\u00e0 produttiva indirizzata esclusivamente alla produzione di piccolissime quantit\u00e0 nel rispetto dei massimi livelli qualitativi, restituiscono la garanzia di\u00a0<strong>un\u2019offerta \u201cpersonalizzata\u201d e \u201csu misura\u201d unica nel suo genere per qualit\u00e0 e contenimento complessivo dei costi<\/strong>.<\/p>\n<p>Offrire la possibilit\u00e0 di personalizzare la scarpa, sia al momento dell\u2019acquisto nel punto vendita sia sul web, sta diventando un\u2019esigenza imprescindibile del mercato, per questo motivo Progetto si propone come partner ideale attraverso l\u2019ingegnerizzazione del processo produttivo per tutti quei Brand che nel <strong>Made to Order e nel Made to Measure<\/strong> individuano un elemento di business.<\/p>\n","protected":false},"excerpt":{"rendered":"<p>Progetto \u00e8 un centro di ricerca e progettazione, tutto italiano, che si rivolge quotidianamente ai Brand e all\u2019industria del mondo calzaturiero. Nasce come divisione interna all&#8217;azienda storica La Manuelita, anche se si propone con una sua specifica identit\u00e0 e una propria ragion d\u2019essere. Progetto risolve e ottimizza problematiche tecniche, definendo e rielaborando i processi esistenti, [&hellip;]<\/p>\n","protected":false},"author":1,"featured_media":692,"parent":0,"menu_order":0,"comment_status":"closed","ping_status":"closed","template":"templates\/template-full.php","meta":[],"_links":{"self":[{"href":"https:\/\/manuelitaitaly.com\/it\/wp-json\/wp\/v2\/pages\/2006"}],"collection":[{"href":"https:\/\/manuelitaitaly.com\/it\/wp-json\/wp\/v2\/pages"}],"about":[{"href":"https:\/\/manuelitaitaly.com\/it\/wp-json\/wp\/v2\/types\/page"}],"author":[{"embeddable":true,"href":"https:\/\/manuelitaitaly.com\/it\/wp-json\/wp\/v2\/users\/1"}],"replies":[{"embeddable":true,"href":"https:\/\/manuelitaitaly.com\/it\/wp-json\/wp\/v2\/comments?post=2006"}],"version-history":[{"count":4,"href":"https:\/\/manuelitaitaly.com\/it\/wp-json\/wp\/v2\/pages\/2006\/revisions"}],"predecessor-version":[{"id":2055,"href":"https:\/\/manuelitaitaly.com\/it\/wp-json\/wp\/v2\/pages\/2006\/revisions\/2055"}],"wp:featuredmedia":[{"embeddable":true,"href":"https:\/\/manuelitaitaly.com\/it\/wp-json\/wp\/v2\/media\/692"}],"wp:attachment":[{"href":"https:\/\/manuelitaitaly.com\/it\/wp-json\/wp\/v2\/media?parent=2006"}],"curies":[{"name":"wp","href":"https:\/\/api.w.org\/{rel}","templated":true}]}}